{"id":525,"date":"2021-12-23T22:39:55","date_gmt":"2021-12-23T22:39:55","guid":{"rendered":"https:\/\/startersites.io\/blocksy\/garderobe\/?post_type=product&#038;p=525"},"modified":"2026-02-07T03:56:10","modified_gmt":"2026-02-07T03:56:10","slug":"minifalda-escocesa","status":"publish","type":"product","link":"https:\/\/laincorrecta.cl\/index.php\/product\/minifalda-escocesa\/","title":{"rendered":"Mini Falda Escocesa"},"content":{"rendered":"<p>Mini Falda Escocesa, de tela semi gruesa de hilo, no es elasticada, con un hermoso dise\u00f1o con pinzas, para definir tu figura femenina y lucir en una tarde de verano en una reuni\u00f3n de trabajo o caf\u00e9.<\/p>\n","protected":false},"excerpt":{"rendered":"<p>Hermosa Mini Falda Escocesa, full combinable para destacar donde vayas.<\/p>\n","protected":false},"featured_media":988,"comment_status":"open","ping_status":"closed","template":"","meta":[],"product_brand":[],"product_cat":[38,49],"product_tag":[],"class_list":{"0":"post-525","1":"product","2":"type-product","3":"status-publish","4":"has-post-thumbnail","6":"product_cat-accessories","7":"product_cat-minifalda","9":"first","10":"instock","11":"sale","12":"shipping-taxable","13":"purchasable","14":"product-type-simple"},"_links":{"self":[{"href":"https:\/\/laincorrecta.cl\/index.php\/wp-json\/wp\/v2\/product\/525","targetHints":{"allow":["GET"]}}],"collection":[{"href":"https:\/\/laincorrecta.cl\/index.php\/wp-json\/wp\/v2\/product"}],"about":[{"href":"https:\/\/laincorrecta.cl\/index.php\/wp-json\/wp\/v2\/types\/product"}],"replies":[{"embeddable":true,"href":"https:\/\/laincorrecta.cl\/index.php\/wp-json\/wp\/v2\/comments?post=525"}],"wp:featuredmedia":[{"embeddable":true,"href":"https:\/\/laincorrecta.cl\/index.php\/wp-json\/wp\/v2\/media\/988"}],"wp:attachment":[{"href":"https:\/\/laincorrecta.cl\/index.php\/wp-json\/wp\/v2\/media?parent=525"}],"wp:term":[{"taxonomy":"product_brand","embeddable":true,"href":"https:\/\/laincorrecta.cl\/index.php\/wp-json\/wp\/v2\/product_brand?post=525"},{"taxonomy":"product_cat","embeddable":true,"href":"https:\/\/laincorrecta.cl\/index.php\/wp-json\/wp\/v2\/product_cat?post=525"},{"taxonomy":"product_tag","embeddable":true,"href":"https:\/\/laincorrecta.cl\/index.php\/wp-json\/wp\/v2\/product_tag?post=525"}],"curies":[{"name":"wp","href":"https:\/\/api.w.org\/{rel}","templated":true}]}}